{"id":236,"date":"2020-07-06T09:22:07","date_gmt":"2020-07-06T07:22:07","guid":{"rendered":"https:\/\/camp-sthenridorie.fr\/index.php\/contact\/"},"modified":"2023-03-16T21:32:01","modified_gmt":"2023-03-16T20:32:01","slug":"contact","status":"publish","type":"page","link":"https:\/\/camp-sthenridorie.fr\/index.php\/contact\/","title":{"rendered":"Contact"},"content":{"rendered":"\t\t<div data-elementor-type=\"wp-page\" data-elementor-id=\"236\" class=\"elementor elementor-236\">\n\t\t\t\t\t\t<section class=\"elementor-section elementor-top-section elementor-element elementor-element-d247a12 elementor-section-full_width elementor-section-height-default elementor-section-height-default\" data-id=\"d247a12\" data-element_type=\"section\" data-settings=\"{&quot;background_background&quot;:&quot;classic&quot;}\">\n\t\t\t\t\t\t\t<div class=\"elementor-background-overlay\"><\/div>\n\t\t\t\t\t\t\t<div class=\"elementor-container elementor-column-gap-no\">\n\t\t\t\t\t<div class=\"aux-parallax-section elementor-column elementor-col-100 elementor-top-column elementor-element elementor-element-d24cd9d\" data-id=\"d24cd9d\" data-element_type=\"column\" data-settings=\"{&quot;background_background&quot;:&quot;classic&quot;}\">\n\t\t\t<div class=\"elementor-widget-wrap elementor-element-populated\">\n\t\t\t\t\t\t<section class=\"elementor-section elementor-inner-section elementor-element elementor-element-91571e1 elementor-section-boxed elementor-section-height-default elementor-section-height-default\" data-id=\"91571e1\" data-element_type=\"section\">\n\t\t\t\t\t\t<div class=\"elementor-container elementor-column-gap-no\">\n\t\t\t\t\t<div class=\"aux-parallax-section elementor-column elementor-col-100 elementor-inner-column elementor-element elementor-element-e929e63\" data-id=\"e929e63\" data-element_type=\"column\">\n\t\t\t<div class=\"elementor-widget-wrap elementor-element-populated\">\n\t\t\t\t\t\t<div class=\"elementor-element elementor-element-5e88372 aux-appear-watch-animation aux-fade-in-right-1 elementor-widget elementor-widget-aux_modern_heading\" data-id=\"5e88372\" data-element_type=\"widget\" data-widget_type=\"aux_modern_heading.default\">\n\t\t\t\t<div class=\"elementor-widget-container\">\n\t\t\t<section class=\"aux-widget-modern-heading\">\n            <div class=\"aux-widget-inner\"><h2 class=\"aux-modern-heading-primary\">NOUS SUIVRE<\/h2><\/div>\n        <\/section>\t\t<\/div>\n\t\t\t\t<\/div>\n\t\t\t\t\t<\/div>\n\t\t<\/div>\n\t\t\t\t\t<\/div>\n\t\t<\/section>\n\t\t\t\t\t<\/div>\n\t\t<\/div>\n\t\t\t\t\t<\/div>\n\t\t<\/section>\n\t\t\t\t<section class=\"elementor-section elementor-top-section elementor-element elementor-element-f23df28 elementor-section-boxed elementor-section-height-default elementor-section-height-default\" data-id=\"f23df28\" data-element_type=\"section\">\n\t\t\t\t\t\t<div class=\"elementor-container elementor-column-gap-no\">\n\t\t\t\t\t<div class=\"aux-parallax-section elementor-column elementor-col-100 elementor-top-column elementor-element elementor-element-9ff6825\" data-id=\"9ff6825\" data-element_type=\"column\">\n\t\t\t<div class=\"elementor-widget-wrap elementor-element-populated\">\n\t\t\t\t\t\t<div class=\"elementor-element elementor-element-46c996b elementor-shape-rounded elementor-grid-0 e-grid-align-center elementor-widget elementor-widget-social-icons\" data-id=\"46c996b\" data-element_type=\"widget\" data-widget_type=\"social-icons.default\">\n\t\t\t\t<div class=\"elementor-widget-container\">\n\t\t\t\t\t<div class=\"elementor-social-icons-wrapper elementor-grid\">\n\t\t\t\t\t\t\t<span class=\"elementor-grid-item\">\n\t\t\t\t\t<a class=\"elementor-icon elementor-social-icon elementor-social-icon-facebook elementor-repeater-item-1475a86\" href=\"https:\/\/www.facebook.com\/CampSaintHenriDorie\/\" target=\"_blank\">\n\t\t\t\t\t\t<span class=\"elementor-screen-only\">Facebook<\/span>\n\t\t\t\t\t\t<i class=\"fab fa-facebook\"><\/i>\t\t\t\t\t<\/a>\n\t\t\t\t<\/span>\n\t\t\t\t\t\t\t<span class=\"elementor-grid-item\">\n\t\t\t\t\t<a class=\"elementor-icon elementor-social-icon elementor-social-icon-instagram elementor-repeater-item-75b7d04\" href=\"https:\/\/www.instagram.com\/camp_st_henri_dorie\/\" target=\"_blank\">\n\t\t\t\t\t\t<span class=\"elementor-screen-only\">Instagram<\/span>\n\t\t\t\t\t\t<i class=\"fab fa-instagram\"><\/i>\t\t\t\t\t<\/a>\n\t\t\t\t<\/span>\n\t\t\t\t\t\t\t<span class=\"elementor-grid-item\">\n\t\t\t\t\t<a class=\"elementor-icon elementor-social-icon elementor-social-icon-youtube elementor-repeater-item-9298c1e\" href=\"https:\/\/www.youtube.com\/@camp-velosainthenridorie1234\" target=\"_blank\">\n\t\t\t\t\t\t<span class=\"elementor-screen-only\">Youtube<\/span>\n\t\t\t\t\t\t<i class=\"fab fa-youtube\"><\/i>\t\t\t\t\t<\/a>\n\t\t\t\t<\/span>\n\t\t\t\t\t<\/div>\n\t\t\t\t<\/div>\n\t\t\t\t<\/div>\n\t\t\t\t<div class=\"elementor-element elementor-element-e78f6cb aux-appear-watch-animation aux-scale-down-1 elementor-widget elementor-widget-aux_modern_heading\" data-id=\"e78f6cb\" data-element_type=\"widget\" data-widget_type=\"aux_modern_heading.default\">\n\t\t\t\t<div class=\"elementor-widget-container\">\n\t\t\t<section class=\"aux-widget-modern-heading\">\n            <div class=\"aux-widget-inner\"><h2 class=\"aux-modern-heading-primary\">Nous contacter<\/h2><\/div>\n        <\/section>\t\t<\/div>\n\t\t\t\t<\/div>\n\t\t\t\t<section class=\"elementor-section elementor-inner-section elementor-element elementor-element-7116739 elementor-section-boxed elementor-section-height-default elementor-section-height-default\" data-id=\"7116739\" data-element_type=\"section\">\n\t\t\t\t\t\t<div class=\"elementor-container elementor-column-gap-no\">\n\t\t\t\t\t<div class=\"aux-parallax-section elementor-column elementor-col-25 elementor-inner-column elementor-element elementor-element-aa1ce15\" data-id=\"aa1ce15\" data-element_type=\"column\">\n\t\t\t<div class=\"elementor-widget-wrap elementor-element-populated\">\n\t\t\t\t\t\t<div class=\"elementor-element elementor-element-413ed1b aux-appear-watch-animation aux-fade-in-right-1 elementor-widget elementor-widget-aux_text\" data-id=\"413ed1b\" data-element_type=\"widget\" data-widget_type=\"aux_text.default\">\n\t\t\t\t<div class=\"elementor-widget-container\">\n\t\t\t<section class=\"widget-container aux-widget-text aux-parent-au2cd5d75a\">        <div class=\"aux-widget-advanced-text aux-wrap-style-simple aux-ico-pos-top aux-text-center aux-text-resp- aux-text-color-dark aux-text-widget-bg-center  \" >\n        \n                            <div class=\"aux-text-widget-header \"  >\n                        <div class=\"aux-ico-box aux-ico-large aux-ico-clear \">\n                                                                <svg xmlns=\"http:\/\/www.w3.org\/2000\/svg\" width=\"42.743\" height=\"56.99\" viewBox=\"0 0 42.743 56.99\">\n  <path d=\"M19.175,55.84C3,32.394,0,29.988,0,21.371a21.371,21.371,0,0,1,42.743,0c0,8.617-3,11.023-19.175,34.469A2.673,2.673,0,0,1,19.175,55.84Zm2.2-25.564a8.9,8.9,0,1,0-8.9-8.9A8.9,8.9,0,0,0,21.371,30.276Z\" fill=\"var(--e-global-color-primary)\" \/>\n<\/svg>                                                    <\/div>\n                <\/div>\n            \n            <div class=\"aux-text-inner aux-text-widget-content\">\n                                <h4 class=\"col-title\">adresse<\/h4>\n                                <div class=\"widget-content\">\n                                        <em>Maison du dioc\u00e8se Service des p\u00e8lerinages - Camp Saint-Henri-Dorie <\/em>\n\n62, rue du Mar\u00e9chal Joffre 85000 La Roche -sur-Yon                <\/div>\n                            <\/div>\n        <\/div>\n                    <div class=\"aux-text-widget-footer\">\n                <div class=\"aux-border-shape-none \">\n                                <\/div>\n            <\/div>\n        \n<\/section><!-- widget-container -->\t\t<\/div>\n\t\t\t\t<\/div>\n\t\t\t\t\t<\/div>\n\t\t<\/div>\n\t\t\t\t<div class=\"aux-parallax-section elementor-column elementor-col-25 elementor-inner-column elementor-element elementor-element-cb231ca\" data-id=\"cb231ca\" data-element_type=\"column\">\n\t\t\t<div class=\"elementor-widget-wrap elementor-element-populated\">\n\t\t\t\t\t\t<div class=\"elementor-element elementor-element-0477b7b aux-appear-watch-animation aux-fade-in-right-1 elementor-widget elementor-widget-aux_text\" data-id=\"0477b7b\" data-element_type=\"widget\" data-widget_type=\"aux_text.default\">\n\t\t\t\t<div class=\"elementor-widget-container\">\n\t\t\t<section class=\"widget-container aux-widget-text aux-parent-au0fb38e36\">        <div class=\"aux-widget-advanced-text aux-wrap-style-simple aux-ico-pos-top aux-text-center aux-text-resp- aux-text-color-dark aux-text-widget-bg-center  \" >\n        \n                            <div class=\"aux-text-widget-header \"  >\n                        <div class=\"aux-ico-box aux-ico-large aux-ico-clear \">\n                                                                <svg xmlns=\"http:\/\/www.w3.org\/2000\/svg\" width=\"56.99\" height=\"56.989\" viewBox=\"0 0 56.99 56.989\">\n  <path d=\"M55.364,40.277,42.9,34.934a2.671,2.671,0,0,0-3.117.768L34.26,42.448S26.865,40,22.05,34.934,15,22.2,15,22.2l6.282-5a2.665,2.665,0,0,0,.768-3.117L16.707,1.621A2.689,2.689,0,0,0,13.646.074L2.07,2.745A2.671,2.671,0,0,0,0,5.348,51.642,51.642,0,0,0,51.647,57a2.671,2.671,0,0,0,2.6-2.07l2.671-11.576a2.7,2.7,0,0,0-1.559-3.072Z\" transform=\"translate(0 -0.006)\" fill=\"var(--e-global-color-primary)\" \/>\n<\/svg>                                                    <\/div>\n                <\/div>\n            \n            <div class=\"aux-text-inner aux-text-widget-content\">\n                                <h4 class=\"col-title\">T\u00e9l\u00e9phone<\/h4>\n                                <div class=\"widget-content\">\n                                        02 51 44 15 56                <\/div>\n                            <\/div>\n        <\/div>\n                    <div class=\"aux-text-widget-footer\">\n                <div class=\"aux-border-shape-none \">\n                                <\/div>\n            <\/div>\n        \n<\/section><!-- widget-container -->\t\t<\/div>\n\t\t\t\t<\/div>\n\t\t\t\t\t<\/div>\n\t\t<\/div>\n\t\t\t\t<div class=\"aux-parallax-section elementor-column elementor-col-25 elementor-inner-column elementor-element elementor-element-5601e63\" data-id=\"5601e63\" data-element_type=\"column\">\n\t\t\t<div class=\"elementor-widget-wrap elementor-element-populated\">\n\t\t\t\t\t\t<div class=\"elementor-element elementor-element-635bcca aux-appear-watch-animation aux-fade-in-right-1 elementor-widget elementor-widget-aux_text\" data-id=\"635bcca\" data-element_type=\"widget\" data-widget_type=\"aux_text.default\">\n\t\t\t\t<div class=\"elementor-widget-container\">\n\t\t\t<section class=\"widget-container aux-widget-text aux-parent-auf4d68963\">        <div class=\"aux-widget-advanced-text aux-wrap-style-simple aux-ico-pos-top aux-text-center aux-text-resp- aux-text-color-dark aux-text-widget-bg-center  \" >\n        \n                            <div class=\"aux-text-widget-header \"  >\n                        <div class=\"aux-ico-box aux-ico-large aux-ico-clear \">\n                                                                <svg xmlns=\"http:\/\/www.w3.org\/2000\/svg\" width=\"55.576\" height=\"55.576\" viewBox=\"0 0 55.576 55.576\">\n  <path d=\"M55.576,50.365a5.21,5.21,0,0,1-5.21,5.21H5.21A5.21,5.21,0,0,1,0,50.365V21.788a5.21,5.21,0,0,1,2-4.1c2.7-2.12,4.939-3.839,17.823-13.19,1.826-1.332,5.45-4.535,7.969-4.5,2.518-.038,6.143,3.167,7.969,4.5,12.883,9.35,15.121,11.071,17.823,13.19a5.21,5.21,0,0,1,2,4.1ZM48.448,29.025a.868.868,0,0,0-1.231-.207c-2.48,1.831-6.02,4.418-11.461,8.367-1.826,1.331-5.45,4.535-7.969,4.5-2.519.037-6.139-3.163-7.969-4.5-5.44-3.948-8.98-6.535-11.461-8.367a.868.868,0,0,0-1.231.207l-.985,1.432a.868.868,0,0,0,.2,1.19c2.484,1.834,6.019,4.417,11.43,8.344,2.2,1.6,6.135,5.19,10.015,5.164,3.878.026,7.811-3.557,10.015-5.164,5.411-3.927,8.946-6.51,11.43-8.344a.868.868,0,0,0,.2-1.19Z\" transform=\"translate(0 0)\" fill=\"var(--e-global-color-primary)\" \/>\n<\/svg>                                                    <\/div>\n                <\/div>\n            \n            <div class=\"aux-text-inner aux-text-widget-content\">\n                                <h4 class=\"col-title\">Adresse e-Mail<\/h4>\n                                <div class=\"widget-content\">\n                                        camp.sainthenri@gmail.com                <\/div>\n                            <\/div>\n        <\/div>\n                    <div class=\"aux-text-widget-footer\">\n                <div class=\"aux-border-shape-none \">\n                                <\/div>\n            <\/div>\n        \n<\/section><!-- widget-container -->\t\t<\/div>\n\t\t\t\t<\/div>\n\t\t\t\t\t<\/div>\n\t\t<\/div>\n\t\t\t\t<div class=\"aux-parallax-section elementor-column elementor-col-25 elementor-inner-column elementor-element elementor-element-fb3ff21\" data-id=\"fb3ff21\" data-element_type=\"column\">\n\t\t\t<div class=\"elementor-widget-wrap elementor-element-populated\">\n\t\t\t\t\t\t<div class=\"elementor-element elementor-element-804bb3e aux-appear-watch-animation aux-fade-in-right-1 elementor-widget elementor-widget-aux_text\" data-id=\"804bb3e\" data-element_type=\"widget\" data-widget_type=\"aux_text.default\">\n\t\t\t\t<div class=\"elementor-widget-container\">\n\t\t\t<section class=\"widget-container aux-widget-text aux-parent-aud4f82ff9\">        <div class=\"aux-widget-advanced-text aux-wrap-style-simple aux-ico-pos-top aux-text-center aux-text-resp- aux-text-color-dark aux-text-widget-bg-center  \" >\n        \n                            <div class=\"aux-text-widget-header \"  >\n                        <div class=\"aux-ico-box aux-ico-large aux-ico-clear \">\n                                                                <svg xmlns=\"http:\/\/www.w3.org\/2000\/svg\" width=\"55.209\" height=\"55.209\" viewBox=\"0 0 55.209 55.209\">\n  <path d=\"M35.6,8a27.6,27.6,0,1,0,27.6,27.6A27.6,27.6,0,0,0,35.6,8ZM41.96,46.969l-9.817-7.135a1.344,1.344,0,0,1-.545-1.08V20.021a1.34,1.34,0,0,1,1.336-1.336h5.343a1.34,1.34,0,0,1,1.336,1.336V35.348l7.068,5.142a1.335,1.335,0,0,1,.289,1.87L43.83,46.68a1.345,1.345,0,0,1-1.87.289Z\" transform=\"translate(-8 -8)\" fill=\"var(--e-global-color-primary)\" \/>\n<\/svg>                                                    <\/div>\n                <\/div>\n            \n            <div class=\"aux-text-inner aux-text-widget-content\">\n                                <h4 class=\"col-title\">Horaires<\/h4>\n                                <div class=\"widget-content\">\n                                        <p>Mardi - Jeudi<\/p><p>9h \u00e0 12h et de 14h \u00e0 17h\u00a0<\/p>                <\/div>\n                            <\/div>\n        <\/div>\n                    <div class=\"aux-text-widget-footer\">\n                <div class=\"aux-border-shape-none \">\n                                <\/div>\n            <\/div>\n        \n<\/section><!-- widget-container -->\t\t<\/div>\n\t\t\t\t<\/div>\n\t\t\t\t\t<\/div>\n\t\t<\/div>\n\t\t\t\t\t<\/div>\n\t\t<\/section>\n\t\t\t\t\t<\/div>\n\t\t<\/div>\n\t\t\t\t\t<\/div>\n\t\t<\/section>\n\t\t\t\t<section class=\"elementor-section elementor-top-section elementor-element elementor-element-0bab424 elementor-section-boxed elementor-section-height-default elementor-section-height-default\" data-id=\"0bab424\" data-element_type=\"section\">\n\t\t\t\t\t\t<div class=\"elementor-container elementor-column-gap-default\">\n\t\t\t\t\t<div class=\"aux-parallax-section elementor-column elementor-col-50 elementor-top-column elementor-element elementor-element-62288b7\" data-id=\"62288b7\" data-element_type=\"column\">\n\t\t\t<div class=\"elementor-widget-wrap\">\n\t\t\t\t\t\t\t<\/div>\n\t\t<\/div>\n\t\t\t\t<div class=\"aux-parallax-section elementor-column elementor-col-50 elementor-top-column elementor-element elementor-element-b22fa8f\" data-id=\"b22fa8f\" data-element_type=\"column\">\n\t\t\t<div class=\"elementor-widget-wrap\">\n\t\t\t\t\t\t\t<\/div>\n\t\t<\/div>\n\t\t\t\t\t<\/div>\n\t\t<\/section>\n\t\t\t\t<\/div>\n\t\t","protected":false},"excerpt":{"rendered":"<p>NOUS SUIVRE Facebook Instagram Youtube Nous contacter adresse Maison du dioc\u00e8se Service des p\u00e8lerinages &#8211; Camp Saint-Henri-Dorie 62, rue du Mar\u00e9chal Joffre 85000 La Roche -sur-Yon T\u00e9l\u00e9phone 02 51 44 15 56 Adresse e-Mail camp.sainthenri@gmail.com Horaires Mardi &#8211; Jeudi 9h \u00e0 12h et de 14h \u00e0 17h&nbsp;<\/p>\n","protected":false},"author":1,"featured_media":0,"parent":0,"menu_order":0,"comment_status":"closed","ping_status":"closed","template":"templates\/page-builder-content.php","meta":{"footnotes":""},"class_list":["post-236","page","type-page","status-publish","hentry"],"yoast_head":"<!-- This site is optimized with the Yoast SEO plugin v22.7 - https:\/\/yoast.com\/wordpress\/plugins\/seo\/ -->\n<title>Contact | Camp Saint Henri Dorie<\/title>\n<meta name=\"description\" content=\"Vous h\u00e9sitez encore \u00e0 participer au camp Henri Dorie . Vous avez des questions ? N&#039;h\u00e9sitez pas \u00e0 nous contacter...\" \/>\n<meta name=\"robots\" content=\"index, follow, max-snippet:-1, max-image-preview:large, max-video-preview:-1\" \/>\n<link rel=\"canonical\" href=\"https:\/\/camp-sthenridorie.fr\/index.php\/contact\/\" \/>\n<meta property=\"og:locale\" content=\"fr_FR\" \/>\n<meta property=\"og:type\" content=\"article\" \/>\n<meta property=\"og:title\" content=\"Contact | Camp Saint Henri Dorie\" \/>\n<meta property=\"og:description\" content=\"Vous h\u00e9sitez encore \u00e0 participer au camp Henri Dorie . Vous avez des questions ? N&#039;h\u00e9sitez pas \u00e0 nous contacter...\" \/>\n<meta property=\"og:url\" content=\"https:\/\/camp-sthenridorie.fr\/index.php\/contact\/\" \/>\n<meta property=\"og:site_name\" content=\"Camp Saint Henri Dorie\" \/>\n<meta property=\"article:publisher\" content=\"https:\/\/www.facebook.com\/CampSaintHenriDorie\/\" \/>\n<meta property=\"article:modified_time\" content=\"2023-03-16T20:32:01+00:00\" \/>\n<meta property=\"og:image\" content=\"https:\/\/camp-sthenridorie.fr\/wp-content\/uploads\/2023\/03\/IMG_6879-1-scaled.jpeg\" \/>\n\t<meta property=\"og:image:width\" content=\"2560\" \/>\n\t<meta property=\"og:image:height\" content=\"1920\" \/>\n\t<meta property=\"og:image:type\" content=\"image\/jpeg\" \/>\n<meta name=\"twitter:card\" content=\"summary_large_image\" \/>\n<meta name=\"twitter:label1\" content=\"Dur\u00e9e de lecture estim\u00e9e\" \/>\n\t<meta name=\"twitter:data1\" content=\"1 minute\" \/>\n<script type=\"application\/ld+json\" class=\"yoast-schema-graph\">{\"@context\":\"https:\/\/schema.org\",\"@graph\":[{\"@type\":\"WebPage\",\"@id\":\"https:\/\/camp-sthenridorie.fr\/index.php\/contact\/\",\"url\":\"https:\/\/camp-sthenridorie.fr\/index.php\/contact\/\",\"name\":\"Contact | Camp Saint Henri Dorie\",\"isPartOf\":{\"@id\":\"https:\/\/camp-sthenridorie.fr\/#website\"},\"datePublished\":\"2020-07-06T07:22:07+00:00\",\"dateModified\":\"2023-03-16T20:32:01+00:00\",\"description\":\"Vous h\u00e9sitez encore \u00e0 participer au camp Henri Dorie . Vous avez des questions ? N'h\u00e9sitez pas \u00e0 nous contacter...\",\"breadcrumb\":{\"@id\":\"https:\/\/camp-sthenridorie.fr\/index.php\/contact\/#breadcrumb\"},\"inLanguage\":\"fr-FR\",\"potentialAction\":[{\"@type\":\"ReadAction\",\"target\":[\"https:\/\/camp-sthenridorie.fr\/index.php\/contact\/\"]}]},{\"@type\":\"BreadcrumbList\",\"@id\":\"https:\/\/camp-sthenridorie.fr\/index.php\/contact\/#breadcrumb\",\"itemListElement\":[{\"@type\":\"ListItem\",\"position\":1,\"name\":\"Accueil\",\"item\":\"https:\/\/camp-sthenridorie.fr\/\"},{\"@type\":\"ListItem\",\"position\":2,\"name\":\"Contact\"}]},{\"@type\":\"WebSite\",\"@id\":\"https:\/\/camp-sthenridorie.fr\/#website\",\"url\":\"https:\/\/camp-sthenridorie.fr\/\",\"name\":\"Camp Saint Henri Dorie\",\"description\":\"P\u00e8lerinage en Vend\u00e9e - 13 - 17 ans\",\"publisher\":{\"@id\":\"https:\/\/camp-sthenridorie.fr\/#organization\"},\"alternateName\":\"P\u00e8lerinage Saint Henri Dorie\",\"potentialAction\":[{\"@type\":\"SearchAction\",\"target\":{\"@type\":\"EntryPoint\",\"urlTemplate\":\"https:\/\/camp-sthenridorie.fr\/?s={search_term_string}\"},\"query-input\":\"required name=search_term_string\"}],\"inLanguage\":\"fr-FR\"},{\"@type\":\"Organization\",\"@id\":\"https:\/\/camp-sthenridorie.fr\/#organization\",\"name\":\"Camp Saint Henri Dorie\",\"alternateName\":\"P\u00e8lerinage Saint Henri Dorie\",\"url\":\"https:\/\/camp-sthenridorie.fr\/\",\"logo\":{\"@type\":\"ImageObject\",\"inLanguage\":\"fr-FR\",\"@id\":\"https:\/\/camp-sthenridorie.fr\/#\/schema\/logo\/image\/\",\"url\":\"https:\/\/camp-sthenridorie.fr\/wp-content\/uploads\/2023\/03\/Logo-CSHD-sans-fond.png\",\"contentUrl\":\"https:\/\/camp-sthenridorie.fr\/wp-content\/uploads\/2023\/03\/Logo-CSHD-sans-fond.png\",\"width\":1500,\"height\":1500,\"caption\":\"Camp Saint Henri Dorie\"},\"image\":{\"@id\":\"https:\/\/camp-sthenridorie.fr\/#\/schema\/logo\/image\/\"},\"sameAs\":[\"https:\/\/www.facebook.com\/CampSaintHenriDorie\/\",\"https:\/\/www.instagram.com\/camp_st_henri_dorie\/\",\"https:\/\/www.youtube.com\/@camp-velosainthenridorie1234\"]}]}<\/script>\n<!-- \/ Yoast SEO plugin. -->","yoast_head_json":{"title":"Contact | Camp Saint Henri Dorie","description":"Vous h\u00e9sitez encore \u00e0 participer au camp Henri Dorie . Vous avez des questions ? N'h\u00e9sitez pas \u00e0 nous contacter...","robots":{"index":"index","follow":"follow","max-snippet":"max-snippet:-1","max-image-preview":"max-image-preview:large","max-video-preview":"max-video-preview:-1"},"canonical":"https:\/\/camp-sthenridorie.fr\/index.php\/contact\/","og_locale":"fr_FR","og_type":"article","og_title":"Contact | Camp Saint Henri Dorie","og_description":"Vous h\u00e9sitez encore \u00e0 participer au camp Henri Dorie . Vous avez des questions ? N'h\u00e9sitez pas \u00e0 nous contacter...","og_url":"https:\/\/camp-sthenridorie.fr\/index.php\/contact\/","og_site_name":"Camp Saint Henri Dorie","article_publisher":"https:\/\/www.facebook.com\/CampSaintHenriDorie\/","article_modified_time":"2023-03-16T20:32:01+00:00","og_image":[{"width":2560,"height":1920,"url":"https:\/\/camp-sthenridorie.fr\/wp-content\/uploads\/2023\/03\/IMG_6879-1-scaled.jpeg","type":"image\/jpeg"}],"twitter_card":"summary_large_image","twitter_misc":{"Dur\u00e9e de lecture estim\u00e9e":"1 minute"},"schema":{"@context":"https:\/\/schema.org","@graph":[{"@type":"WebPage","@id":"https:\/\/camp-sthenridorie.fr\/index.php\/contact\/","url":"https:\/\/camp-sthenridorie.fr\/index.php\/contact\/","name":"Contact | Camp Saint Henri Dorie","isPartOf":{"@id":"https:\/\/camp-sthenridorie.fr\/#website"},"datePublished":"2020-07-06T07:22:07+00:00","dateModified":"2023-03-16T20:32:01+00:00","description":"Vous h\u00e9sitez encore \u00e0 participer au camp Henri Dorie . Vous avez des questions ? N'h\u00e9sitez pas \u00e0 nous contacter...","breadcrumb":{"@id":"https:\/\/camp-sthenridorie.fr\/index.php\/contact\/#breadcrumb"},"inLanguage":"fr-FR","potentialAction":[{"@type":"ReadAction","target":["https:\/\/camp-sthenridorie.fr\/index.php\/contact\/"]}]},{"@type":"BreadcrumbList","@id":"https:\/\/camp-sthenridorie.fr\/index.php\/contact\/#breadcrumb","itemListElement":[{"@type":"ListItem","position":1,"name":"Accueil","item":"https:\/\/camp-sthenridorie.fr\/"},{"@type":"ListItem","position":2,"name":"Contact"}]},{"@type":"WebSite","@id":"https:\/\/camp-sthenridorie.fr\/#website","url":"https:\/\/camp-sthenridorie.fr\/","name":"Camp Saint Henri Dorie","description":"P\u00e8lerinage en Vend\u00e9e - 13 - 17 ans","publisher":{"@id":"https:\/\/camp-sthenridorie.fr\/#organization"},"alternateName":"P\u00e8lerinage Saint Henri Dorie","potentialAction":[{"@type":"SearchAction","target":{"@type":"EntryPoint","urlTemplate":"https:\/\/camp-sthenridorie.fr\/?s={search_term_string}"},"query-input":"required name=search_term_string"}],"inLanguage":"fr-FR"},{"@type":"Organization","@id":"https:\/\/camp-sthenridorie.fr\/#organization","name":"Camp Saint Henri Dorie","alternateName":"P\u00e8lerinage Saint Henri Dorie","url":"https:\/\/camp-sthenridorie.fr\/","logo":{"@type":"ImageObject","inLanguage":"fr-FR","@id":"https:\/\/camp-sthenridorie.fr\/#\/schema\/logo\/image\/","url":"https:\/\/camp-sthenridorie.fr\/wp-content\/uploads\/2023\/03\/Logo-CSHD-sans-fond.png","contentUrl":"https:\/\/camp-sthenridorie.fr\/wp-content\/uploads\/2023\/03\/Logo-CSHD-sans-fond.png","width":1500,"height":1500,"caption":"Camp Saint Henri Dorie"},"image":{"@id":"https:\/\/camp-sthenridorie.fr\/#\/schema\/logo\/image\/"},"sameAs":["https:\/\/www.facebook.com\/CampSaintHenriDorie\/","https:\/\/www.instagram.com\/camp_st_henri_dorie\/","https:\/\/www.youtube.com\/@camp-velosainthenridorie1234"]}]}},"_links":{"self":[{"href":"https:\/\/camp-sthenridorie.fr\/index.php\/wp-json\/wp\/v2\/pages\/236","targetHints":{"allow":["GET"]}}],"collection":[{"href":"https:\/\/camp-sthenridorie.fr\/index.php\/wp-json\/wp\/v2\/pages"}],"about":[{"href":"https:\/\/camp-sthenridorie.fr\/index.php\/wp-json\/wp\/v2\/types\/page"}],"author":[{"embeddable":true,"href":"https:\/\/camp-sthenridorie.fr\/index.php\/wp-json\/wp\/v2\/users\/1"}],"replies":[{"embeddable":true,"href":"https:\/\/camp-sthenridorie.fr\/index.php\/wp-json\/wp\/v2\/comments?post=236"}],"version-history":[{"count":10,"href":"https:\/\/camp-sthenridorie.fr\/index.php\/wp-json\/wp\/v2\/pages\/236\/revisions"}],"predecessor-version":[{"id":683,"href":"https:\/\/camp-sthenridorie.fr\/index.php\/wp-json\/wp\/v2\/pages\/236\/revisions\/683"}],"wp:attachment":[{"href":"https:\/\/camp-sthenridorie.fr\/index.php\/wp-json\/wp\/v2\/media?parent=236"}],"curies":[{"name":"wp","href":"https:\/\/api.w.org\/{rel}","templated":true}]}}